{"id":87,"date":"2016-03-21T10:37:02","date_gmt":"2016-03-21T09:37:02","guid":{"rendered":"http:\/\/alameda.be\/?page_id=87"},"modified":"2016-03-21T10:37:02","modified_gmt":"2016-03-21T09:37:02","slug":"solutions-logicielles","status":"publish","type":"page","link":"https:\/\/www.alameda.be\/?page_id=87","title":{"rendered":"Solutions logicielles"},"content":{"rendered":"<p>Besoin d&rsquo;une application pour r\u00e9pondre \u00e0 vos besoins ou am\u00e9liorer un processus existant ? Nous \u00e9tudions pour vous les solutions propos\u00e9es sur le march\u00e9 et envisageons \u00e9galement la possibilit\u00e9 d&rsquo;un d\u00e9veloppement personnalis\u00e9. Vous prenez alors une d\u00e9cision \u00e0\u00a0la lumi\u00e8re d&rsquo;une analyse co\u00fbt \/ b\u00e9n\u00e9fice transparente.<\/p>\n<p>Alameda vous accompagne de la r\u00e9daction de l&rsquo;appel d&rsquo;offre au d\u00e9ploiement.<\/p>\n","protected":false},"excerpt":{"rendered":"<p>Besoin d&rsquo;une application pour r\u00e9pondre \u00e0 vos besoins ou am\u00e9liorer un processus existant ? Nous \u00e9tudions pour vous les solutions propos\u00e9es sur le march\u00e9 et envisageons \u00e9galement la possibilit\u00e9 d&rsquo;un d\u00e9veloppement personnalis\u00e9. Vous prenez alors une d\u00e9cision \u00e0\u00a0la lumi\u00e8re d&rsquo;une analyse co\u00fbt \/ b\u00e9n\u00e9fice transparente. Alameda vous accompagne de la r\u00e9daction de l&rsquo;appel d&rsquo;offre au [&hellip;]<\/p>\n","protected":false},"author":2,"featured_media":0,"parent":0,"menu_order":0,"comment_status":"closed","ping_status":"closed","template":"","meta":{"footnotes":""},"_links":{"self":[{"href":"https:\/\/www.alameda.be\/index.php?rest_route=\/wp\/v2\/pages\/87"}],"collection":[{"href":"https:\/\/www.alameda.be\/index.php?rest_route=\/wp\/v2\/pages"}],"about":[{"href":"https:\/\/www.alameda.be\/index.php?rest_route=\/wp\/v2\/types\/page"}],"author":[{"embeddable":true,"href":"https:\/\/www.alameda.be\/index.php?rest_route=\/wp\/v2\/users\/2"}],"replies":[{"embeddable":true,"href":"https:\/\/www.alameda.be\/index.php?rest_route=%2Fwp%2Fv2%2Fcomments&post=87"}],"version-history":[{"count":1,"href":"https:\/\/www.alameda.be\/index.php?rest_route=\/wp\/v2\/pages\/87\/revisions"}],"predecessor-version":[{"id":88,"href":"https:\/\/www.alameda.be\/index.php?rest_route=\/wp\/v2\/pages\/87\/revisions\/88"}],"wp:attachment":[{"href":"https:\/\/www.alameda.be\/index.php?rest_route=%2Fwp%2Fv2%2Fmedia&parent=87"}],"curies":[{"name":"wp","href":"https:\/\/api.w.org\/{rel}","templated":true}]}}